{"id":1817,"date":"2024-05-02T10:35:45","date_gmt":"2024-05-02T08:35:45","guid":{"rendered":"https:\/\/50jahre.bbc-wolfsberg.net\/?page_id=1817"},"modified":"2024-06-08T17:49:00","modified_gmt":"2024-06-08T15:49:00","slug":"on-the-road-again-das-3x3-jubilaeumsturnier","status":"publish","type":"page","link":"https:\/\/50jahre.bbc-wolfsberg.net\/?page_id=1817","title":{"rendered":"On the road again: das 3&#215;3 Jubil\u00e4umsturnier"},"content":{"rendered":"<p><strong><img loading=\"lazy\" decoding=\"async\" class=\"wp-image-1998 aligncenter\" src=\"https:\/\/50jahre.bbc-wolfsberg.net\/wp-content\/uploads\/2024\/05\/on-the-road-212x300.jpg\" alt=\"\" width=\"291\" height=\"412\" srcset=\"https:\/\/50jahre.bbc-wolfsberg.net\/wp-content\/uploads\/2024\/05\/on-the-road-212x300.jpg 212w, https:\/\/50jahre.bbc-wolfsberg.net\/wp-content\/uploads\/2024\/05\/on-the-road-724x1024.jpg 724w, https:\/\/50jahre.bbc-wolfsberg.net\/wp-content\/uploads\/2024\/05\/on-the-road-768x1087.jpg 768w, https:\/\/50jahre.bbc-wolfsberg.net\/wp-content\/uploads\/2024\/05\/on-the-road.jpg 826w\" sizes=\"auto, (max-width: 291px) 100vw, 291px\" \/><\/strong><\/p>\n<p><strong>On the road again:<\/strong> Um den 50. Geburtstag geb\u00fchrend zu feiern, geht der BBC Wolfsberg nach bew\u00e4hrter Manier wieder auf die Stra\u00dfe und veranstaltet am <strong>Samstag, dem 15. Juni 2024 am Skaterpark<\/strong> ein <strong>3&#215;3 Turnier<\/strong>!<\/p>\n<p>Am <strong>Vormittag<\/strong> (10:00 &#8211; 13:30 Uhr) spielt der <strong>Nachwuchs<\/strong> in folgenden Klassen:<br \/>\nSUPERMINI &#8211; 2013, Jahrg\u00e4nge 2013 und j\u00fcnger<br \/>\nMINI &#8211; 2011, Jahrg\u00e4nge 2011 und j\u00fcnger<br \/>\nMIDI &#8211; 2009, Jahrg\u00e4nge 2009 und j\u00fcnger<br \/>\nMAXI -2006, Jahrg\u00e4nge 2006 und j\u00fcnger<\/p>\n<p>Alle Nachwuchsklassen werden mixed gespielt, es k\u00f6nnen auch reine M\u00e4dchen- oder Burschen-Teams teilnehmen. Ein Team besteht aus mindestens drei und maximal vier Personen.<\/p>\n<p>Anmeldungen bitte per mail an: 50Jahre@bbc-wolfsberg.net<br \/>\nNach der Anmeldung ist je Nachwuchsteam ein Deposit von 30 EUR zu bezahlen. Wenn das gemeldete Team am Turnier tats\u00e4chlich teilnimmt, wird das Deposit zur\u00fcck\u00fcberwiesen, bei Nichterscheinen verf\u00e4llt das Deposit.<\/p>\n<p>Am <strong>Nachmittag<\/strong> (13:30-19:00) geht es f\u00fcr die <strong>Erwachsenen<\/strong> in zwei Bewerben weiter:<br \/>\nHerren &#8211; Mindestalter 16 Jahre (max. vier Personen pro Team)<br \/>\nMixed &#8211; Mindestalter 15 Jahre (max. vier Personen pro Team, es muss immer mindestens eine Frau bzw. ein Mann am Spielfeld sein).<br \/>\nAnmeldungen bitte per mail an: 50Jahre@bbc-wolfsberg.net.<br \/>\nNenngeb\u00fchr 50 EUR je Team.<\/p>\n<p>Die Spielzeit betr\u00e4gt 10 min brutto. Bei Unentschieden wird eine Verl\u00e4ngerung gespielt; das Team, das als erstes 2 Punkte erzielt hat, gewinnt.<\/p>\n<p><strong>Ein Spass f\u00fcr alle:<\/strong><\/p>\n<p>Im Rahmen des 3&#215;3 Jubil\u00e4umsturniers wird es auch f\u00fcr unsere ehemaligen Spielerinnen und Spieler ein Generationen- und Familienturnier geben. Bei Interesse an einer Teilnahme bitte unter 50Jahre@bbc-wolfsberg.net anmelden.<\/p>\n<p><em><strong>Generationenturnier:<\/strong><\/em><br \/>\nAlle anwesenden Teilnehmer:innen werden dem Jahrzehnt (1970er, 1980er, 1990er, 2000er, 2010er, 2020er) zugeteilt, in dem sie aktiv waren bzw. sind. F\u00fcr jedes Jahrzehnt sind zwei Teams geplant, die gegeneinander antreten. Die Ergebnisse der einzelnen Spiele werden \u00fcber die Generationen zum Gesamtscore addiert. Um in allen Generationen genug Spieler:innen zu haben, bitten wir alle, bequeme Schuhe zur 50-Jahre-Feier mitzubringen.<\/p>\n<p><em><strong>Familienturnier:<\/strong><\/em><br \/>\nUm auch den Angeh\u00f6rigen unserer aktiven und ehemaligen Spieler:innen eine Turnierteilnahme zu erm\u00f6glichen, findet zus\u00e4tzlich ein Familienturnier statt, bei dem Eltern und Kinder, Geschwister, Tanten und Onkels, Nichten und Neffen, Omas und Opas sowie Cousinen und Cousins gemeinsam spielen k\u00f6nnen. Teams bitte unter 50Jahre@bbc-wolfsberg.net anmelden.<\/p>\n<p>Bei Schlechtwetter findet das Turnier in der Sporthalle Wolfsberg statt.<\/p>\n<p><strong>Das Fest danach:<\/strong><\/p>\n<p>Ab 19 Uhr wird im Jugendzentrum Wolfsberg bei Musik gefeiert.<\/p>\n","protected":false},"excerpt":{"rendered":"<p>On the road again: Um den 50. Geburtstag geb\u00fchrend zu feiern, geht der BBC Wolfsberg nach bew\u00e4hrter Manier wieder auf die Stra\u00dfe und veranstaltet am Samstag, dem 15. Juni 2024 am Skaterpark ein 3&#215;3 Turnier! Am Vormittag (10:00 &#8211; 13:30 Uhr) spielt der Nachwuchs in folgenden Klassen: SUPERMINI &#8211; 2013, Jahrg\u00e4nge 2013 und j\u00fcnger MINI [&hellip;]<\/p>\n","protected":false},"author":1,"featured_media":1998,"parent":0,"menu_order":3,"comment_status":"closed","ping_status":"closed","template":"","meta":{"ngg_post_thumbnail":0,"footnotes":""},"class_list":["post-1817","page","type-page","status-publish","has-post-thumbnail","hentry"],"_links":{"self":[{"href":"https:\/\/50jahre.bbc-wolfsberg.net\/index.php?rest_route=\/wp\/v2\/pages\/1817","targetHints":{"allow":["GET"]}}],"collection":[{"href":"https:\/\/50jahre.bbc-wolfsberg.net\/index.php?rest_route=\/wp\/v2\/pages"}],"about":[{"href":"https:\/\/50jahre.bbc-wolfsberg.net\/index.php?rest_route=\/wp\/v2\/types\/page"}],"author":[{"embeddable":true,"href":"https:\/\/50jahre.bbc-wolfsberg.net\/index.php?rest_route=\/wp\/v2\/users\/1"}],"replies":[{"embeddable":true,"href":"https:\/\/50jahre.bbc-wolfsberg.net\/index.php?rest_route=%2Fwp%2Fv2%2Fcomments&post=1817"}],"version-history":[{"count":11,"href":"https:\/\/50jahre.bbc-wolfsberg.net\/index.php?rest_route=\/wp\/v2\/pages\/1817\/revisions"}],"predecessor-version":[{"id":2128,"href":"https:\/\/50jahre.bbc-wolfsberg.net\/index.php?rest_route=\/wp\/v2\/pages\/1817\/revisions\/2128"}],"wp:featuredmedia":[{"embeddable":true,"href":"https:\/\/50jahre.bbc-wolfsberg.net\/index.php?rest_route=\/wp\/v2\/media\/1998"}],"wp:attachment":[{"href":"https:\/\/50jahre.bbc-wolfsberg.net\/index.php?rest_route=%2Fwp%2Fv2%2Fmedia&parent=1817"}],"curies":[{"name":"wp","href":"https:\/\/api.w.org\/{rel}","templated":true}]}}