{"id":2,"date":"2024-01-07T18:20:57","date_gmt":"2024-01-07T17:20:57","guid":{"rendered":"https:\/\/50jahre.bbc-wolfsberg.net\/?page_id=2"},"modified":"2024-05-05T18:13:53","modified_gmt":"2024-05-05T16:13:53","slug":"beispiel-seite","status":"publish","type":"page","link":"https:\/\/50jahre.bbc-wolfsberg.net\/","title":{"rendered":"50 Jahre BBC Wolfsberg"},"content":{"rendered":"<p>Im&nbsp;<strong>Fr\u00fchjahr 1974<\/strong>&nbsp;traten Hannes Kolb und Franz Theuermann mit einer Gruppe junger Studenten und Sch\u00fcler an den basketballerfahrenen Obstbauingenieur Herbert Gartner mit der Bitte heran, ihr bei der Gr\u00fcndung eines Basketballvereines behilflich zu sein. Von da an nahm das Schicksal unaufhaltsam seinen Lauf und im&nbsp;<strong>August 1974 schlug die Geburtsstunde des BBC Wolfsberg<\/strong>.<\/p>\n<p>Eine Garnitur alter Fu\u00dfballdressen musste herhalten, als man sich nach einer geeigneten, nicht zu kostspieligen Spielkleidung umsah. Von Frau Gartner auf den neuesten Stand der Basketballmode gebracht \u2013 die \u00c4rmel mussten abgetrennt, Nummern vorne und hinten aufgen\u00e4ht werden \u2013 ertrugen sie mit stoischer Ruhe die ersten empfindlichen Schlappen. Doch als vorhandene technische M\u00e4ngel durch gro\u00dfen Einsatz und mit Hilfe eins zwar unkundigen, daf\u00fcr umso begeisterteren Publikums wettgemacht wurden, lie\u00df der erste Sieg nicht lange auf sich warten. Von nun an ging es steil bergauf. Die beengten Raumverh\u00e4ltnisse sowie die diffuse Beleuchtung in der alten Hauptschulhalle trugen wesentlich dazu bei, dass Wolfsberg zu einem gef\u00fcrchteten Boden f\u00fcr ausw\u00e4rtige Mannschaften wurde. Bereits im zweiten Jahr wurde mit dem Aufstieg in die K\u00e4rntner Liga der Sprung unter die Elite des K\u00e4rntner Basketballsportes geschafft. Danach konnten sich die <strong>BBC-Herren<\/strong> \u00fcber Jahre am 3. Platz etablieren. Im Jahr 1983 kr\u00f6nten sich die BBCler durch gro\u00dfartige Leistungen sogar zum K\u00e4rntner Cupsieger.<\/p>\n<p>Der Meistertitel ist den Herren jedoch bis heute versagt geblieben, obwohl es durchaus Chancen gab. 1991 verlor man die Finalserie gegen Landskron nur knapp und musste sich mit dem undankbaren zweiten Platz zufriedengeben. In der <strong>Hobbyliga<\/strong> konnten die Wolfsberger sechsmal den Titel in das Lavanttal holen, in der <strong>1<\/strong>. <strong>Klasse<\/strong> war man dreimal erfolgreich. Der <strong>m\u00e4nnliche Nachwuchs<\/strong> war f\u00fcr sieben Titel verantwortlich (MU12: 2010; MU14: 1993, 1995, 2012, 2014; MU19: 1991, 2016).<\/p>\n<p>Der <strong>weibliche Nachwuchs<\/strong> eroberte 24, die <strong>Damen<\/strong> 12 K\u00e4rntner Meistertitel. Damit ist man in den letzten 50 Jahren der erfolgreichste K\u00e4rntner Verein. Zum 10-Jahres-Jubil\u00e4um im Jahr 1984 er\u00f6ffnete die weibliche Jugend mit dem ersten K\u00e4rntner Meistertitel den erfreulichen H\u00f6henflug zu einer Vielzahl weiterer Erfolge. 1989 kann sogar ein dritter Platz bei der \u00f6sterreichischen Meisterschaft der weiblichen Jugend vorgewiesen werden. Von 1988 bis 1992 holten die Damen 5mal in Folge den Titel! Nach jahrelanger Vormachtstellung verursachten einige studienbedingten Abg\u00e4nge eine achtj\u00e4hrige Durststrecke, ehe es ab dem Jahr 2000 wieder gro\u00dfe Erfolge zu feiern gab. 2003 wurde unter der Federf\u00fchrung des BBC eine Regionalliga mit K\u00e4rnten, dem Burgenland und der Steiermark initiiert, die sp\u00e4ter zur 2. Bundesliga ausgebaut wurde, mit deren Hilfe der Damenbasketballsport bereits auf ein beachtliches Niveau gebracht wurde und dem BBC auch weitere Meistertitel bescherte. 2011 gelang der WU14 der dritte Platz bei den \u00d6sterreichischen Meisterschaften. In der Saison 2018\/2019 holt sich das Damenteam das letzte Mal den Titel. Danach wurde keine K\u00e4rntner Damen-Meisterschaft mehr ausgetragen, weshalb die jungen BBClerinnen den Schritt in die 2. Bundesliga wagten und sich auch dort ordentlich pr\u00e4sentierten.<\/p>\n<p>In den letzten Jahren hat sich der weibliche Nachwuchs sehr erfolgreich in der \u00f6sterreichischen Meisterschaft (\u00d6MS) etabliert. Die \u00d6MS-Teilnahme wurde notwendig, da es in K\u00e4rnten im weiblichen Bereich keine Konkurrenz gab. Im Jahr 2023 sorgt die WU16 mit dem zweiten Rang in der \u00d6MS f\u00fcr den gr\u00f6\u00dften Erfolg der Vereinsgeschichte: sie gewinnen ungeschlagen den Grunddurchgang und m\u00fcssen sich erst im Finale mit 61:64 gegen das Team DBB LZ Ober\u00f6sterreich geschlagen geben.<\/p>\n<p>In der <strong>heurigen 50. Saison<\/strong> nahm der BBC mit einem Herrenteam, einem MU16-, einem MU14-, einem U12- und einem U10-Team am K\u00e4rntner Meisterschaftsbetrieb teil. Die M\u00e4dchen spielten neben der WU19-\u00d6MS auch erfolgreich in der \u201eLeague Without Borders\u201c, einer internationalen Liga mit Teams aus \u00d6sterreich, Italien, Kroatien und Slowenien. Zurzeit trainieren und spielen ca. 80 Basketballer:innen in den Reihen des BBC. Insgesamt durfte der BBC in seiner 50j\u00e4hrigen Geschichte 52 K\u00e4rntner Meistertitel und drei Medaillen bei \u00f6sterreichischen Meisterschaften bejubeln!<\/p>\n","protected":false},"excerpt":{"rendered":"<p>Im&nbsp;Fr\u00fchjahr 1974&nbsp;traten Hannes Kolb und Franz Theuermann mit einer Gruppe junger Studenten und Sch\u00fcler an den basketballerfahrenen Obstbauingenieur Herbert Gartner mit der Bitte heran, ihr bei der Gr\u00fcndung eines Basketballvereines behilflich zu sein. Von da an nahm das Schicksal unaufhaltsam seinen Lauf und im&nbsp;August 1974 schlug die Geburtsstunde des BBC Wolfsberg. Eine Garnitur alter Fu\u00dfballdressen [&hellip;]<\/p>\n","protected":false},"author":1,"featured_media":0,"parent":0,"menu_order":0,"comment_status":"closed","ping_status":"open","template":"","meta":{"ngg_post_thumbnail":0,"footnotes":""},"class_list":["post-2","page","type-page","status-publish","hentry"],"_links":{"self":[{"href":"https:\/\/50jahre.bbc-wolfsberg.net\/index.php?rest_route=\/wp\/v2\/pages\/2","targetHints":{"allow":["GET"]}}],"collection":[{"href":"https:\/\/50jahre.bbc-wolfsberg.net\/index.php?rest_route=\/wp\/v2\/pages"}],"about":[{"href":"https:\/\/50jahre.bbc-wolfsberg.net\/index.php?rest_route=\/wp\/v2\/types\/page"}],"author":[{"embeddable":true,"href":"https:\/\/50jahre.bbc-wolfsberg.net\/index.php?rest_route=\/wp\/v2\/users\/1"}],"replies":[{"embeddable":true,"href":"https:\/\/50jahre.bbc-wolfsberg.net\/index.php?rest_route=%2Fwp%2Fv2%2Fcomments&post=2"}],"version-history":[{"count":11,"href":"https:\/\/50jahre.bbc-wolfsberg.net\/index.php?rest_route=\/wp\/v2\/pages\/2\/revisions"}],"predecessor-version":[{"id":2053,"href":"https:\/\/50jahre.bbc-wolfsberg.net\/index.php?rest_route=\/wp\/v2\/pages\/2\/revisions\/2053"}],"wp:attachment":[{"href":"https:\/\/50jahre.bbc-wolfsberg.net\/index.php?rest_route=%2Fwp%2Fv2%2Fmedia&parent=2"}],"curies":[{"name":"wp","href":"https:\/\/api.w.org\/{rel}","templated":true}]}}