{"id":38,"date":"2024-01-09T16:44:05","date_gmt":"2024-01-09T15:44:05","guid":{"rendered":"https:\/\/50jahre.bbc-wolfsberg.net\/?page_id=38"},"modified":"2024-05-05T15:39:25","modified_gmt":"2024-05-05T13:39:25","slug":"der-bbc-in-bildern-turniere","status":"publish","type":"page","link":"https:\/\/50jahre.bbc-wolfsberg.net\/?page_id=38","title":{"rendered":"Der BBC in Bildern"},"content":{"rendered":"<p><img loading=\"lazy\" decoding=\"async\" class=\"size-full wp-image-293 aligncenter\" src=\"https:\/\/50jahre.bbc-wolfsberg.net\/wp-content\/uploads\/2024\/01\/bbclogobbc.png\" alt=\"BBC Wolfsberg\" width=\"240\" height=\"240\" srcset=\"https:\/\/50jahre.bbc-wolfsberg.net\/wp-content\/uploads\/2024\/01\/bbclogobbc.png 240w, https:\/\/50jahre.bbc-wolfsberg.net\/wp-content\/uploads\/2024\/01\/bbclogobbc-150x150.png 150w\" sizes=\"auto, (max-width: 240px) 100vw, 240px\" \/><\/p>\n<p>Im Laufe der letzten 50 Jahre haben wir einige Momente unserer Geschichte einfangen k\u00f6nnen.&nbsp;<\/p>\n<p><a href=\"https:\/\/50jahre.bbc-wolfsberg.net\/?page_id=1189\">\u00dcber die Jahre<\/a><\/p>\n<p><a href=\"https:\/\/50jahre.bbc-wolfsberg.net\/?page_id=560\">Die Jahrzehnte<\/a><\/p>\n<p><a href=\"https:\/\/50jahre.bbc-wolfsberg.net\/?page_id=366\">Die BBC Camps<\/a><\/p>\n<p><a href=\"https:\/\/50jahre.bbc-wolfsberg.net\/?page_id=328\">Die BBC Turniere<\/a><\/p>\n<p><a href=\"https:\/\/50jahre.bbc-wolfsberg.net\/?page_id=1351\">Die gr\u00f6\u00dften Erfolge<\/a><\/p>\n<p><a href=\"https:\/\/50jahre.bbc-wolfsberg.net\/?page_id=1867\">Die BBC Konzerte<\/a><\/p>\n<p><a href=\"https:\/\/50jahre.bbc-wolfsberg.net\/?page_id=1204\">Das gabs auch<\/a><\/p>\n","protected":false},"excerpt":{"rendered":"<p>Im Laufe der letzten 50 Jahre haben wir einige Momente unserer Geschichte einfangen k\u00f6nnen.&nbsp; \u00dcber die Jahre Die Jahrzehnte Die BBC Camps Die BBC Turniere Die gr\u00f6\u00dften Erfolge Die BBC Konzerte Das gabs auch<\/p>\n","protected":false},"author":1,"featured_media":0,"parent":0,"menu_order":0,"comment_status":"closed","ping_status":"closed","template":"","meta":{"ngg_post_thumbnail":0,"footnotes":""},"class_list":["post-38","page","type-page","status-publish","hentry"],"_links":{"self":[{"href":"https:\/\/50jahre.bbc-wolfsberg.net\/index.php?rest_route=\/wp\/v2\/pages\/38","targetHints":{"allow":["GET"]}}],"collection":[{"href":"https:\/\/50jahre.bbc-wolfsberg.net\/index.php?rest_route=\/wp\/v2\/pages"}],"about":[{"href":"https:\/\/50jahre.bbc-wolfsberg.net\/index.php?rest_route=\/wp\/v2\/types\/page"}],"author":[{"embeddable":true,"href":"https:\/\/50jahre.bbc-wolfsberg.net\/index.php?rest_route=\/wp\/v2\/users\/1"}],"replies":[{"embeddable":true,"href":"https:\/\/50jahre.bbc-wolfsberg.net\/index.php?rest_route=%2Fwp%2Fv2%2Fcomments&post=38"}],"version-history":[{"count":10,"href":"https:\/\/50jahre.bbc-wolfsberg.net\/index.php?rest_route=\/wp\/v2\/pages\/38\/revisions"}],"predecessor-version":[{"id":2052,"href":"https:\/\/50jahre.bbc-wolfsberg.net\/index.php?rest_route=\/wp\/v2\/pages\/38\/revisions\/2052"}],"wp:attachment":[{"href":"https:\/\/50jahre.bbc-wolfsberg.net\/index.php?rest_route=%2Fwp%2Fv2%2Fmedia&parent=38"}],"curies":[{"name":"wp","href":"https:\/\/api.w.org\/{rel}","templated":true}]}}